{"id":881,"date":"2020-11-10T09:14:15","date_gmt":"2020-11-10T09:14:15","guid":{"rendered":"https:\/\/qantumthemes.xyz\/kentha\/demo11\/tracklist\/"},"modified":"2025-01-21T13:55:46","modified_gmt":"2025-01-21T17:55:46","slug":"tracklist","status":"publish","type":"page","link":"https:\/\/qollasuyoproducciones.cl\/index.php\/tracklist\/","title":{"rendered":"Tracklist"},"content":{"rendered":"\t\t<div data-elementor-type=\"wp-page\" data-elementor-id=\"881\" class=\"elementor elementor-881\" data-elementor-post-type=\"page\">\n\t\t\t\t\t\t<section class=\"elementor-section elementor-top-section elementor-element elementor-element-1bfbde5 elementor-section-boxed elementor-section-height-default elementor-section-height-default\" data-id=\"1bfbde5\" data-element_type=\"section\">\n\t\t\t\t\t\t<div class=\"elementor-container elementor-column-gap-default\">\n\t\t\t\t\t<div class=\"elementor-column elementor-col-50 elementor-top-column elementor-element elementor-element-63806012\" data-id=\"63806012\" data-element_type=\"column\">\n\t\t\t<div class=\"elementor-widget-wrap elementor-element-populated\">\n\t\t\t\t\t\t<div class=\"elementor-element elementor-element-689bb4b elementor-widget elementor-widget-kentha-elementor-section-caption\" data-id=\"689bb4b\" data-element_type=\"widget\" data-widget_type=\"kentha-elementor-section-caption.default\">\n\t\t\t\t<div class=\"elementor-widget-container\">\n\t\t\t\t\t<h2 id=\"qttabsfabcdfb-artistas\" class=\"qt-center qt-qttabsfabcdfb-artistas qt-textfx-wrap qt-fontsize-h1\">\n\t\t\t\t\t\t\t\t<span class=\"qt-txtfx qt-txtfx--ibiza\"><span  data-letters=\"artistas\">artistas<\/span><\/span>\n\t\t\t\t\t\t\t<\/h2>\n\t\t\t\t<div data-kentha-customstyles=\"\/* Shortcode dynamically generated CSS *\/\n\t\t\t\t\t.qt-qttabsfabcdfb-artistas .qt-txtfx--ibiza, .qt-qttabsfabcdfb-artistas .qt-txtfx--ibiza.qt-txtfxstart { color: #dedede}\n\t\t\t\t\t.qt-qttabsfabcdfb-artistas .qt-txtfx--ibiza span::before { color: #999999}\n\t\t\t\t\t.qt-qttabsfabcdfb-artistas .qt-txtfx--ibiza::after { background: #ff0000}\"><\/div>\n\t\t\t\t<\/div>\n\t\t\t\t<\/div>\n\t\t\t\t<div class=\"elementor-element elementor-element-5bafe26 elementor-widget__width-auto elementor-widget-tablet__width-auto elementor-widget elementor-widget-image\" data-id=\"5bafe26\" data-element_type=\"widget\" data-widget_type=\"image.default\">\n\t\t\t\t<div class=\"elementor-widget-container\">\n\t\t\t<style>\/*! elementor - v3.21.0 - 26-05-2024 *\/\n.elementor-widget-image{text-align:center}.elementor-widget-image a{display:inline-block}.elementor-widget-image a img[src$=\".svg\"]{width:48px}.elementor-widget-image img{vertical-align:middle;display:inline-block}<\/style>\t\t\t\t\t\t\t\t\t\t<img decoding=\"async\" src=\"https:\/\/qollasuyoproducciones.cl\/wp-content\/uploads\/2025\/01\/logo-AWA.png\" title=\"logo AWA\" alt=\"logo AWA\" loading=\"lazy\" \/>\t\t\t\t\t\t\t\t\t\t\t\t\t<\/div>\n\t\t\t\t<\/div>\n\t\t\t\t<div class=\"elementor-element elementor-element-8202763 elementor-widget elementor-widget-text-editor\" data-id=\"8202763\" data-element_type=\"widget\" data-widget_type=\"text-editor.default\">\n\t\t\t\t<div class=\"elementor-widget-container\">\n\t\t\t<style>\/*! elementor - v3.21.0 - 26-05-2024 *\/\n.elementor-widget-text-editor.elementor-drop-cap-view-stacked .elementor-drop-cap{background-color:#69727d;color:#fff}.elementor-widget-text-editor.elementor-drop-cap-view-framed .elementor-drop-cap{color:#69727d;border:3px solid;background-color:transparent}.elementor-widget-text-editor:not(.elementor-drop-cap-view-default) .elementor-drop-cap{margin-top:8px}.elementor-widget-text-editor:not(.elementor-drop-cap-view-default) .elementor-drop-cap-letter{width:1em;height:1em}.elementor-widget-text-editor .elementor-drop-cap{float:left;text-align:center;line-height:1;font-size:50px}.elementor-widget-text-editor .elementor-drop-cap-letter{display:inline-block}<\/style>\t\t\t\t<p><span style=\"color: #00ffff;\">Los\u00a0<strong>Awati\u00f1as<\/strong>\u00a0son una agrupaci\u00f3n\u00a0<a style=\"color: #00ffff;\" href=\"https:\/\/es.wikipedia.org\/wiki\/Bolivia\">boliviana<\/a>\u00a0de\u00a0<a style=\"color: #00ffff;\" href=\"https:\/\/es.wikipedia.org\/wiki\/M%C3%BAsica_folcl%C3%B3rica\">m\u00fasica folcl\u00f3rica<\/a>, creada en los\u00a0<a style=\"color: #00ffff;\" href=\"https:\/\/es.wikipedia.org\/wiki\/A%C3%B1os_setenta\">a\u00f1os setenta<\/a>\u00a0por\u00a0<a style=\"color: #00ffff;\" href=\"https:\/\/es.wikipedia.org\/wiki\/Mario_Conde_(artista)\">Mario Conde<\/a>. La mayor parte de sus canciones son cantadas en\u00a0<a style=\"color: #00ffff;\" href=\"https:\/\/es.wikipedia.org\/wiki\/Idioma_espa%C3%B1ol\">espa\u00f1ol<\/a>\u00a0y\u00a0<a style=\"color: #00ffff;\" href=\"https:\/\/es.wikipedia.org\/wiki\/Idioma_aymara\">aimara<\/a>. Adem\u00e1s han tenido mucho \u00e9xito en diversos pa\u00edses de\u00a0<a style=\"color: #00ffff;\" href=\"https:\/\/es.wikipedia.org\/wiki\/Latinoam%C3%A9rica\">Latinoam\u00e9rica<\/a>, as\u00ed tambi\u00e9n en\u00a0<a style=\"color: #00ffff;\" href=\"https:\/\/es.wikipedia.org\/wiki\/Europa\">Europa<\/a>,<span style=\"font-size: 12px;\">\u00a0<\/span><a style=\"color: #00ffff;\" href=\"https:\/\/es.wikipedia.org\/wiki\/Asia\">Asia<\/a>\u00a0y los\u00a0<a style=\"color: #00ffff;\" href=\"https:\/\/es.wikipedia.org\/wiki\/Estados_Unidos\">Estados Unidos<\/a>. Lo cual han realizado una gran gira internacional. Entre sus canciones m\u00e1s conocidas son\u00a0<em>Kullakita<\/em>,<em>\u00a0Mi triste adi\u00f3s<\/em>,\u00a0<em>Tu traici\u00f3n<\/em>,\u00a0<em>Jichapi Jichanexa<\/em>,\u00a0<em>Tunkata P&#8217;a Tunkaru<\/em>,\u00a0<em>Mayata Tunkaru<\/em>,\u00a0<em>Dulce Bolivianita<\/em>,\u00a0<em>Wara<\/em>\u00a0y entre otros.<\/span><\/p>\t\t\t\t\t\t<\/div>\n\t\t\t\t<\/div>\n\t\t\t\t\t<\/div>\n\t\t<\/div>\n\t\t\t\t<div class=\"elementor-column elementor-col-50 elementor-top-column elementor-element elementor-element-85177d3\" data-id=\"85177d3\" data-element_type=\"column\">\n\t\t\t<div class=\"elementor-widget-wrap elementor-element-populated\">\n\t\t\t\t\t\t<div class=\"elementor-element elementor-element-3951565 elementor-widget elementor-widget-kentha-elementor-section-caption\" data-id=\"3951565\" data-element_type=\"widget\" data-widget_type=\"kentha-elementor-section-caption.default\">\n\t\t\t\t<div class=\"elementor-widget-container\">\n\t\t\t\t\t<h2 id=\"qttabsfabdd-exitos\" class=\"qt-center qt-qttabsfabdd-exitos qt-textfx-wrap qt-fontsize-h1\">\n\t\t\t\t\t\t\t\t\t<span class=\"qt-txtfx qt-txtfx--paris\"><span data-letters-l=\"\u00e9xi\" data-letters-r=\"tos\">\u00e9xitos<\/span><\/span>\n\t\t\t\t\t\t\t\t<\/h2>\n\t\t\t\t<div data-kentha-customstyles=\"\/* Shortcode dynamically generated CSS *\/\n\t\t\t\t\t.qt-qttabsfabdd-exitos .qt-txtfx--paris { color: #dedede}\n\t\t\t\t\t.qt-qttabsfabdd-exitos .qt-txtfx--paris span::before, .qt-qttabsfabdd-exitos .qt-txtfx--paris span::after { color: #999999}\n\t\t\t\t\t.qt-qttabsfabdd-exitos .qt-txtfx--paris::before, .qt-qttabsfabdd-exitos .qt-txtfx--paris::after { background: #ff0000}\"><\/div>\n\t\t\t\t<\/div>\n\t\t\t\t<\/div>\n\t\t\t\t<section class=\"elementor-section elementor-inner-section elementor-element elementor-element-a46214b elementor-section-boxed elementor-section-height-default elementor-section-height-default\" data-id=\"a46214b\" data-element_type=\"section\">\n\t\t\t\t\t\t<div class=\"elementor-container elementor-column-gap-default\">\n\t\t\t\t\t<div class=\"elementor-column elementor-col-50 elementor-inner-column elementor-element elementor-element-b1aab3e\" data-id=\"b1aab3e\" data-element_type=\"column\" data-settings=\"{&quot;background_background&quot;:&quot;classic&quot;}\">\n\t\t\t<div class=\"elementor-widget-wrap elementor-element-populated\">\n\t\t\t\t\t\t<div class=\"elementor-element elementor-element-647b2bef elementor-widget elementor-widget-kentha-elementor-playlist-custom\" data-id=\"647b2bef\" data-element_type=\"widget\" data-widget_type=\"kentha-elementor-playlist-custom.default\">\n\t\t\t\t<div class=\"elementor-widget-container\">\n\t\t\t\t\t\t\t<div class=\"qt-playlist-large\">\n\t\t\t\t\t<ul class=\"qt-playlist\">\n\t\t\t\t\t\t\t\t\t\t\t<li class=\"qtmusicplayer-trackitem\">\n\t\t\t\t\t\t\t\t\t\t\t\t\t\t\t<img decoding=\"async\" src=\"https:\/\/qollasuyoproducciones.cl\/wp-content\/uploads\/2025\/01\/maxresdefault.jpg\" alt=\"Vida ya no es vida\">\n\t\t\t\t\t\t\t\t\t\t\t\t\t\t\t<span class=\"qt-play qt-link-sec qtmusicplayer-play-btn\" data-qtmplayer-cover=\"https:\/\/qollasuyoproducciones.cl\/wp-content\/uploads\/2025\/01\/maxresdefault.jpg\" data-qtmplayer-file=\"https:\/\/qollasuyoproducciones.cl\/wp-content\/uploads\/2025\/01\/VIDA-YA-NO-ES-VIDA-AWATINAS.mp3\" \n\t\t\t\t\t\t\t\tdata-qtmplayer-title=\"Vida ya no es vida\" \n\t\t\t\t\t\t\t\tdata-qtmplayer-artist=\"Awati\u00f1as\" \n\t\t\t\t\t\t\t\tdata-qtmplayer-album=\"\"\n\t\t\t\t\t\t\t\tdata-qtmplayer-link=\"\" \n\t\t\t\t\t\t\t\tdata-qtmplayer-buylink=\"#\" \n\t\t\t\t\t\t\t\tdata-qtmplayer-icon=\"add_shopping_cart\" ><i class='material-icons'>play_circle_filled<\/i><\/span>\n\t\t\t\t\t\t\t<p>\n\t\t\t\t\t\t\t\t<span class=\"qt-tit\">01. Vida ya no es vida<\/span><br>\n\t\t\t\t\t\t\t\t<span class=\"qt-art\">\n\t\t\t\t\t\t\t\t\tAwati\u00f1as\t\t\t\t\t\t\t\t<\/span>\n\t\t\t\t\t\t\t<\/p>\n\t\t\t\t\t\t\t\t\t\t\t\t\t\t\t\t<a href=\"#\" class=\"qt-cart\" target=\"_blank\"><i class=\"material-icons\">add_shopping_cart<\/i><\/a>\n\t\t\t\t\t\t\t\t\t\t\t\t\t\t\t<\/li>\n\t\t\t\t\t\t\t\t\t\t\t\t<li class=\"qtmusicplayer-trackitem\">\n\t\t\t\t\t\t\t\t\t\t\t\t\t\t\t<img decoding=\"async\" src=\"https:\/\/qollasuyoproducciones.cl\/wp-content\/uploads\/2025\/01\/Captura-de-pantalla-2025-01-20-125823.png\" alt=\"Caf\u00e9 Cafetal\">\n\t\t\t\t\t\t\t\t\t\t\t\t\t\t\t<span class=\"qt-play qt-link-sec qtmusicplayer-play-btn\" data-qtmplayer-cover=\"https:\/\/qollasuyoproducciones.cl\/wp-content\/uploads\/2025\/01\/Captura-de-pantalla-2025-01-20-125823.png\" data-qtmplayer-file=\"https:\/\/qollasuyoproducciones.cl\/wp-content\/uploads\/2025\/01\/AWATINAS-CAFE-CAFE-CAFETAL-VIDEO-OFICIAL.mp3\" \n\t\t\t\t\t\t\t\tdata-qtmplayer-title=\"Caf\u00e9 Cafetal\" \n\t\t\t\t\t\t\t\tdata-qtmplayer-artist=\"Awati\u00f1as\" \n\t\t\t\t\t\t\t\tdata-qtmplayer-album=\"\"\n\t\t\t\t\t\t\t\tdata-qtmplayer-link=\"\" \n\t\t\t\t\t\t\t\tdata-qtmplayer-buylink=\"\" \n\t\t\t\t\t\t\t\tdata-qtmplayer-icon=\"large\" ><i class='material-icons'>play_circle_filled<\/i><\/span>\n\t\t\t\t\t\t\t<p>\n\t\t\t\t\t\t\t\t<span class=\"qt-tit\">02. Caf\u00e9 Cafetal<\/span><br>\n\t\t\t\t\t\t\t\t<span class=\"qt-art\">\n\t\t\t\t\t\t\t\t\tAwati\u00f1as\t\t\t\t\t\t\t\t<\/span>\n\t\t\t\t\t\t\t<\/p>\n\t\t\t\t\t\t\t\t\t\t\t\t\t<\/li>\n\t\t\t\t\t\t\t\t\t\t\t\t<li class=\"qtmusicplayer-trackitem\">\n\t\t\t\t\t\t\t\t\t\t\t\t\t\t\t<img decoding=\"async\" src=\"https:\/\/qollasuyoproducciones.cl\/wp-content\/uploads\/2025\/01\/Awatinas-El-Inca-Atahualpa.jpeg\" alt=\"Awati\u00f1as\">\n\t\t\t\t\t\t\t\t\t\t\t\t\t\t\t<span class=\"qt-play qt-link-sec qtmusicplayer-play-btn\" data-qtmplayer-cover=\"https:\/\/qollasuyoproducciones.cl\/wp-content\/uploads\/2025\/01\/Awatinas-El-Inca-Atahualpa.jpeg\" data-qtmplayer-file=\"https:\/\/qollasuyoproducciones.cl\/wp-content\/uploads\/2025\/01\/Awatinas-Awatinas.mp3\" \n\t\t\t\t\t\t\t\tdata-qtmplayer-title=\"Awati\u00f1as\" \n\t\t\t\t\t\t\t\tdata-qtmplayer-artist=\"Awati\u00f1as\" \n\t\t\t\t\t\t\t\tdata-qtmplayer-album=\"\"\n\t\t\t\t\t\t\t\tdata-qtmplayer-link=\"\" \n\t\t\t\t\t\t\t\tdata-qtmplayer-buylink=\"\" \n\t\t\t\t\t\t\t\tdata-qtmplayer-icon=\"large\" ><i class='material-icons'>play_circle_filled<\/i><\/span>\n\t\t\t\t\t\t\t<p>\n\t\t\t\t\t\t\t\t<span class=\"qt-tit\">03. Awati\u00f1as<\/span><br>\n\t\t\t\t\t\t\t\t<span class=\"qt-art\">\n\t\t\t\t\t\t\t\t\tAwati\u00f1as\t\t\t\t\t\t\t\t<\/span>\n\t\t\t\t\t\t\t<\/p>\n\t\t\t\t\t\t\t\t\t\t\t\t\t<\/li>\n\t\t\t\t\t\t\t\t\t\t\t\t<li class=\"qtmusicplayer-trackitem\">\n\t\t\t\t\t\t\t\t\t\t\t\t\t\t\t<img decoding=\"async\" src=\"https:\/\/qollasuyoproducciones.cl\/wp-content\/uploads\/2025\/01\/Awatinas-El-Inca-Atahualpa-1.jpeg\" alt=\"Poncho de Vicu\u00f1a\">\n\t\t\t\t\t\t\t\t\t\t\t\t\t\t\t<span class=\"qt-play qt-link-sec qtmusicplayer-play-btn\" data-qtmplayer-cover=\"https:\/\/qollasuyoproducciones.cl\/wp-content\/uploads\/2025\/01\/Awatinas-El-Inca-Atahualpa-1.jpeg\" data-qtmplayer-file=\"https:\/\/qollasuyoproducciones.cl\/wp-content\/uploads\/2025\/01\/Poncho-de-Vicuna-Awatinas.mp3\" \n\t\t\t\t\t\t\t\tdata-qtmplayer-title=\"Poncho de Vicu\u00f1a\" \n\t\t\t\t\t\t\t\tdata-qtmplayer-artist=\"Awati\u00f1as\" \n\t\t\t\t\t\t\t\tdata-qtmplayer-album=\"\"\n\t\t\t\t\t\t\t\tdata-qtmplayer-link=\"\" \n\t\t\t\t\t\t\t\tdata-qtmplayer-buylink=\"\" \n\t\t\t\t\t\t\t\tdata-qtmplayer-icon=\"large\" ><i class='material-icons'>play_circle_filled<\/i><\/span>\n\t\t\t\t\t\t\t<p>\n\t\t\t\t\t\t\t\t<span class=\"qt-tit\">04. Poncho de Vicu\u00f1a<\/span><br>\n\t\t\t\t\t\t\t\t<span class=\"qt-art\">\n\t\t\t\t\t\t\t\t\tAwati\u00f1as\t\t\t\t\t\t\t\t<\/span>\n\t\t\t\t\t\t\t<\/p>\n\t\t\t\t\t\t\t\t\t\t\t\t\t<\/li>\n\t\t\t\t\t\t\t\t\t\t\t\t<li class=\"qtmusicplayer-trackitem\">\n\t\t\t\t\t\t\t\t\t\t\t\t\t\t\t<img decoding=\"async\" src=\"https:\/\/qollasuyoproducciones.cl\/wp-content\/uploads\/2025\/01\/Awatinas-Kollasuyuja.jpeg\" alt=\"Hija de Sol\">\n\t\t\t\t\t\t\t\t\t\t\t\t\t\t\t<span class=\"qt-play qt-link-sec qtmusicplayer-play-btn\" data-qtmplayer-cover=\"https:\/\/qollasuyoproducciones.cl\/wp-content\/uploads\/2025\/01\/Awatinas-Kollasuyuja.jpeg\" data-qtmplayer-file=\"https:\/\/qollasuyoproducciones.cl\/wp-content\/uploads\/2025\/01\/AWATINAS-Hija-del-Sol-1997-HD-__-SAN-JUANITO-cloudssounds.mp3\" \n\t\t\t\t\t\t\t\tdata-qtmplayer-title=\"Hija de Sol\" \n\t\t\t\t\t\t\t\tdata-qtmplayer-artist=\"Awati\u00f1as\" \n\t\t\t\t\t\t\t\tdata-qtmplayer-album=\"\"\n\t\t\t\t\t\t\t\tdata-qtmplayer-link=\"\" \n\t\t\t\t\t\t\t\tdata-qtmplayer-buylink=\"\" \n\t\t\t\t\t\t\t\tdata-qtmplayer-icon=\"large\" ><i class='material-icons'>play_circle_filled<\/i><\/span>\n\t\t\t\t\t\t\t<p>\n\t\t\t\t\t\t\t\t<span class=\"qt-tit\">05. Hija de Sol<\/span><br>\n\t\t\t\t\t\t\t\t<span class=\"qt-art\">\n\t\t\t\t\t\t\t\t\tAwati\u00f1as\t\t\t\t\t\t\t\t<\/span>\n\t\t\t\t\t\t\t<\/p>\n\t\t\t\t\t\t\t\t\t\t\t\t\t<\/li>\n\t\t\t\t\t\t\t\t\t\t\t\t<li class=\"qtmusicplayer-trackitem\">\n\t\t\t\t\t\t\t\t\t\t\t\t\t\t\t<img decoding=\"async\" src=\"https:\/\/qollasuyoproducciones.cl\/wp-content\/uploads\/2025\/01\/Awatinas-Antologia.jpeg\" alt=\"Mayata Tunkaru\">\n\t\t\t\t\t\t\t\t\t\t\t\t\t\t\t<span class=\"qt-play qt-link-sec qtmusicplayer-play-btn\" data-qtmplayer-cover=\"https:\/\/qollasuyoproducciones.cl\/wp-content\/uploads\/2025\/01\/Awatinas-Antologia.jpeg\" data-qtmplayer-file=\"https:\/\/qollasuyoproducciones.cl\/wp-content\/uploads\/2025\/01\/Awatinas-Mayata-Tunkaru-dazcha.mp3\" \n\t\t\t\t\t\t\t\tdata-qtmplayer-title=\"Mayata Tunkaru\" \n\t\t\t\t\t\t\t\tdata-qtmplayer-artist=\"Awati\u00f1as\" \n\t\t\t\t\t\t\t\tdata-qtmplayer-album=\"\"\n\t\t\t\t\t\t\t\tdata-qtmplayer-link=\"\" \n\t\t\t\t\t\t\t\tdata-qtmplayer-buylink=\"\" \n\t\t\t\t\t\t\t\tdata-qtmplayer-icon=\"large\" ><i class='material-icons'>play_circle_filled<\/i><\/span>\n\t\t\t\t\t\t\t<p>\n\t\t\t\t\t\t\t\t<span class=\"qt-tit\">06. Mayata Tunkaru<\/span><br>\n\t\t\t\t\t\t\t\t<span class=\"qt-art\">\n\t\t\t\t\t\t\t\t\tAwati\u00f1as\t\t\t\t\t\t\t\t<\/span>\n\t\t\t\t\t\t\t<\/p>\n\t\t\t\t\t\t\t\t\t\t\t\t\t<\/li>\n\t\t\t\t\t\t\t\t\t\t<\/ul>\n\t\t\t<\/div>\n\t\t\t\t\t<\/div>\n\t\t\t\t<\/div>\n\t\t\t\t\t<\/div>\n\t\t<\/div>\n\t\t\t\t<div class=\"elementor-column elementor-col-50 elementor-inner-column elementor-element elementor-element-e627935\" data-id=\"e627935\" data-element_type=\"column\">\n\t\t\t<div class=\"elementor-widget-wrap\">\n\t\t\t\t\t\t\t<\/div>\n\t\t<\/div>\n\t\t\t\t\t<\/div>\n\t\t<\/section>\n\t\t\t\t\t<\/div>\n\t\t<\/div>\n\t\t\t\t\t<\/div>\n\t\t<\/section>\n\t\t\t\t<\/div>\n\t\t","protected":false},"excerpt":{"rendered":"<p>artistas Los\u00a0Awati\u00f1as\u00a0son una agrupaci\u00f3n\u00a0boliviana\u00a0de\u00a0m\u00fasica folcl\u00f3rica, creada en los\u00a0a\u00f1os setenta\u00a0por\u00a0Mario Conde. La mayor parte de sus canciones son cantadas en\u00a0espa\u00f1ol\u00a0y\u00a0aimara. Adem\u00e1s han tenido mucho \u00e9xito en diversos pa\u00edses de\u00a0Latinoam\u00e9rica, as\u00ed tambi\u00e9n en\u00a0Europa,\u00a0Asia\u00a0y los\u00a0Estados Unidos. Lo cual han realizado una gran gira internacional. Entre sus canciones m\u00e1s conocidas son\u00a0Kullakita,\u00a0Mi triste adi\u00f3s,\u00a0Tu traici\u00f3n,\u00a0Jichapi [&hellip;]<\/p>\n","protected":false},"author":1,"featured_media":0,"parent":0,"menu_order":0,"comment_status":"closed","ping_status":"closed","template":"page-visualcomposer.php","meta":{"footnotes":""},"class_list":["post-881","page","type-page","status-publish","hentry"],"_links":{"self":[{"href":"https:\/\/qollasuyoproducciones.cl\/index.php\/wp-json\/wp\/v2\/pages\/881","targetHints":{"allow":["GET"]}}],"collection":[{"href":"https:\/\/qollasuyoproducciones.cl\/index.php\/wp-json\/wp\/v2\/pages"}],"about":[{"href":"https:\/\/qollasuyoproducciones.cl\/index.php\/wp-json\/wp\/v2\/types\/page"}],"author":[{"embeddable":true,"href":"https:\/\/qollasuyoproducciones.cl\/index.php\/wp-json\/wp\/v2\/users\/1"}],"replies":[{"embeddable":true,"href":"https:\/\/qollasuyoproducciones.cl\/index.php\/wp-json\/wp\/v2\/comments?post=881"}],"version-history":[{"count":62,"href":"https:\/\/qollasuyoproducciones.cl\/index.php\/wp-json\/wp\/v2\/pages\/881\/revisions"}],"predecessor-version":[{"id":3108,"href":"https:\/\/qollasuyoproducciones.cl\/index.php\/wp-json\/wp\/v2\/pages\/881\/revisions\/3108"}],"wp:attachment":[{"href":"https:\/\/qollasuyoproducciones.cl\/index.php\/wp-json\/wp\/v2\/media?parent=881"}],"curies":[{"name":"wp","href":"https:\/\/api.w.org\/{rel}","templated":true}]}}