{"id":3375,"date":"2025-08-22T16:13:03","date_gmt":"2025-08-22T20:13:03","guid":{"rendered":"https:\/\/qollasuyoproducciones.cl\/?page_id=3375"},"modified":"2025-12-06T17:20:20","modified_gmt":"2025-12-06T21:20:20","slug":"noticias","status":"publish","type":"page","link":"https:\/\/qollasuyoproducciones.cl\/index.php\/noticias\/","title":{"rendered":"NOTICIAS"},"content":{"rendered":"\t\t<div data-elementor-type=\"wp-page\" data-elementor-id=\"3375\" class=\"elementor elementor-3375\" data-elementor-post-type=\"page\">\n\t\t\t\t<div class=\"elementor-element elementor-element-f8efa1b e-flex e-con-boxed e-con e-parent\" data-id=\"f8efa1b\" data-element_type=\"container\">\n\t\t\t\t\t<div class=\"e-con-inner\">\n\t\t\t\t<div class=\"elementor-element elementor-element-938c079 elementor-widget elementor-widget-kentha-elementor-section-caption\" data-id=\"938c079\" data-element_type=\"widget\" data-widget_type=\"kentha-elementor-section-caption.default\">\n\t\t\t\t<div class=\"elementor-widget-container\">\n\t\t\t\t\t<h2 id=\"qttabsfa-feria-pulsar-\" class=\"qt-center qt-qttabsfa-feria-pulsar- qt-textfx-wrap qt-fontsize-h1\">\n\t\t\t\t\t\t\t\t<span class=\"qt-txtfx qt-txtfx--london\" data-letters=\"feria pulsar 2025\">feria pulsar 2025<\/span>\n\t\t\t\t\t\t\t<\/h2>\n\t\t\t\t<div data-kentha-customstyles=\"\/* Shortcode dynamically generated CSS *\/\n\t\t\t\t\t.qt-qttabsfa-feria-pulsar- .qt-txtfx--london { color: #dedede}\n\t\t\t\t\t.qt-qttabsfa-feria-pulsar- .qt-txtfx--london.qt-txtfxstart { color: #999999}\n\t\t\t\t\t.qt-qttabsfa-feria-pulsar- .qt-txtfx--london::before { background: #00FF48}\"><\/div>\n\t\t\t\t<\/div>\n\t\t\t\t<\/div>\n\t\t\t\t<div class=\"elementor-element elementor-element-b7a8b1f elementor-position-top elementor-widget elementor-widget-image-box\" data-id=\"b7a8b1f\" data-element_type=\"widget\" data-widget_type=\"image-box.default\">\n\t\t\t\t<div class=\"elementor-widget-container\">\n\t\t\t<style>\/*! elementor - v3.21.0 - 26-05-2024 *\/\n.elementor-widget-image-box .elementor-image-box-content{width:100%}@media (min-width:768px){.elementor-widget-image-box.elementor-position-left .elementor-image-box-wrapper,.elementor-widget-image-box.elementor-position-right .elementor-image-box-wrapper{display:flex}.elementor-widget-image-box.elementor-position-right .elementor-image-box-wrapper{text-align:end;flex-direction:row-reverse}.elementor-widget-image-box.elementor-position-left .elementor-image-box-wrapper{text-align:start;flex-direction:row}.elementor-widget-image-box.elementor-position-top .elementor-image-box-img{margin:auto}.elementor-widget-image-box.elementor-vertical-align-top .elementor-image-box-wrapper{align-items:flex-start}.elementor-widget-image-box.elementor-vertical-align-middle .elementor-image-box-wrapper{align-items:center}.elementor-widget-image-box.elementor-vertical-align-bottom .elementor-image-box-wrapper{align-items:flex-end}}@media (max-width:767px){.elementor-widget-image-box .elementor-image-box-img{margin-left:auto!important;margin-right:auto!important;margin-bottom:15px}}.elementor-widget-image-box .elementor-image-box-img{display:inline-block}.elementor-widget-image-box .elementor-image-box-title a{color:inherit}.elementor-widget-image-box .elementor-image-box-wrapper{text-align:center}.elementor-widget-image-box .elementor-image-box-description{margin:0}<\/style><div class=\"elementor-image-box-wrapper\"><figure class=\"elementor-image-box-img\"><img fetchpriority=\"high\" decoding=\"async\" width=\"2048\" height=\"2048\" src=\"https:\/\/qollasuyoproducciones.cl\/wp-content\/uploads\/2025\/12\/PUBLICIDAD-REDES-STAND.jpg\" class=\"attachment-full size-full wp-image-3393\" alt=\"\" srcset=\"https:\/\/qollasuyoproducciones.cl\/wp-content\/uploads\/2025\/12\/PUBLICIDAD-REDES-STAND.jpg 2048w, https:\/\/qollasuyoproducciones.cl\/wp-content\/uploads\/2025\/12\/PUBLICIDAD-REDES-STAND-756x756.jpg 756w, https:\/\/qollasuyoproducciones.cl\/wp-content\/uploads\/2025\/12\/PUBLICIDAD-REDES-STAND-1600x1600.jpg 1600w, https:\/\/qollasuyoproducciones.cl\/wp-content\/uploads\/2025\/12\/PUBLICIDAD-REDES-STAND-150x150.jpg 150w, https:\/\/qollasuyoproducciones.cl\/wp-content\/uploads\/2025\/12\/PUBLICIDAD-REDES-STAND-768x768.jpg 768w, https:\/\/qollasuyoproducciones.cl\/wp-content\/uploads\/2025\/12\/PUBLICIDAD-REDES-STAND-1536x1536.jpg 1536w, https:\/\/qollasuyoproducciones.cl\/wp-content\/uploads\/2025\/12\/PUBLICIDAD-REDES-STAND-170x170.jpg 170w, https:\/\/qollasuyoproducciones.cl\/wp-content\/uploads\/2025\/12\/PUBLICIDAD-REDES-STAND-670x670.jpg 670w, https:\/\/qollasuyoproducciones.cl\/wp-content\/uploads\/2025\/12\/PUBLICIDAD-REDES-STAND-60x60.jpg 60w, https:\/\/qollasuyoproducciones.cl\/wp-content\/uploads\/2025\/12\/PUBLICIDAD-REDES-STAND-420x420.jpg 420w\" sizes=\"(max-width: 2048px) 100vw, 2048px\" \/><\/figure><\/div>\t\t<\/div>\n\t\t\t\t<\/div>\n\t\t\t\t<div class=\"elementor-element elementor-element-c8b4d43 elementor-widget elementor-widget-text-editor\" data-id=\"c8b4d43\" data-element_type=\"widget\" data-widget_type=\"text-editor.default\">\n\t\t\t\t<div class=\"elementor-widget-container\">\n\t\t\t<style>\/*! elementor - v3.21.0 - 26-05-2024 *\/\n.elementor-widget-text-editor.elementor-drop-cap-view-stacked .elementor-drop-cap{background-color:#69727d;color:#fff}.elementor-widget-text-editor.elementor-drop-cap-view-framed .elementor-drop-cap{color:#69727d;border:3px solid;background-color:transparent}.elementor-widget-text-editor:not(.elementor-drop-cap-view-default) .elementor-drop-cap{margin-top:8px}.elementor-widget-text-editor:not(.elementor-drop-cap-view-default) .elementor-drop-cap-letter{width:1em;height:1em}.elementor-widget-text-editor .elementor-drop-cap{float:left;text-align:center;line-height:1;font-size:50px}.elementor-widget-text-editor .elementor-drop-cap-letter{display:inline-block}<\/style>\t\t\t\t<p>Qollasuyo Producciones presente en la Feria Pulsar 2025, en d\u00f3nde estar\u00e1n difundiendo su trabajo con pertinencia cultural los d\u00edas viernes 05, s\u00e1bado 06 y domingo 07 de Diciembre.&nbsp;<\/p>\n<p>Qollasuyo Producciones cumple otro hito importante en su carrera, participando con stand propio en la Feria Internacional de M\u00fasica m\u00e1s importante de Latinoamerica. En 3 las jornadas, Qollasuyo estar\u00e1 difundiendo y promoviendo el trabajo de producci\u00f3n cultural de Conciertos, Festivales y Difusi\u00f3n de la M\u00fasica Andina Aut\u00f3ctona y Citadina en Radio Usach \u00abPrograma Bloque Andino del Alma Nacional. Adem\u00e1s, cuentan con una muestra de instrumentos andinos, y poleras con dise\u00f1os propios, que van desde las simbolog\u00edas asociadas a la Cultura de Pueblos Originarios como Quechua y Aymara, como tambi\u00e9n simbolos de la Cultura Mapuche. Entre las propuestas se encuentran dise\u00f1os de sus 4 importantes conciertos desde el a\u00f1o 2023, en donde se destac\u00e1n caratulas de dise\u00f1o de los grupos; Awati\u00f1as, Altiplano, Markamaru y Proyecci\u00f3n.&nbsp;<\/p>\n<p>Para que los amantes de la Cultura andina no queden fuera de este evento, Qollasuyo a iniciado una campa\u00f1a de sorteos de entradas liberadas para los 3 d\u00edas, las cuales se estar\u00e1n sorteando en las publicaciones que tienen dispuestas en sus redes sociales (Instagram) &#8211; PINCHA AQU\u00cd EN EL LINK DE ABAJO PARA ACCEDER AL CONCURSO.<\/p>\n<p>VEN A VIVIR JUNTO A QOLLASUYO PRODUCCIONES ESTE NUEVO HITO DE SU CARRERA.&nbsp;<\/p>\t\t\t\t\t\t<\/div>\n\t\t\t\t<\/div>\n\t\t\t\t<div class=\"elementor-element elementor-element-87238fa elementor-widget elementor-widget-kentha-elementor-button\" data-id=\"87238fa\" data-element_type=\"widget\" data-widget_type=\"kentha-elementor-button.default\">\n\t\t\t\t<div class=\"elementor-widget-container\">\n\t\t\t<a href=\"https:\/\/www.instagram.com\/p\/DRyU7udE2ln\/\"  class=\"btn kentha-btn qt-btn  alignleft \"><span> CONCURSO ENTRADAS INSTAGRAM<\/span><\/a>\t\t<\/div>\n\t\t\t\t<\/div>\n\t\t\t\t<div class=\"elementor-element elementor-element-e570a7a elementor-widget__width-auto elementor-position-top elementor-widget elementor-widget-image-box\" data-id=\"e570a7a\" data-element_type=\"widget\" data-widget_type=\"image-box.default\">\n\t\t\t\t<div class=\"elementor-widget-container\">\n\t\t\t<div class=\"elementor-image-box-wrapper\"><figure class=\"elementor-image-box-img\"><img decoding=\"async\" width=\"1600\" height=\"1200\" src=\"https:\/\/qollasuyoproducciones.cl\/wp-content\/uploads\/2025\/12\/EQUIPO-QP.jpeg\" class=\"attachment-full size-full wp-image-3395\" alt=\"\" srcset=\"https:\/\/qollasuyoproducciones.cl\/wp-content\/uploads\/2025\/12\/EQUIPO-QP.jpeg 1600w, https:\/\/qollasuyoproducciones.cl\/wp-content\/uploads\/2025\/12\/EQUIPO-QP-756x567.jpeg 756w, https:\/\/qollasuyoproducciones.cl\/wp-content\/uploads\/2025\/12\/EQUIPO-QP-768x576.jpeg 768w, https:\/\/qollasuyoproducciones.cl\/wp-content\/uploads\/2025\/12\/EQUIPO-QP-1536x1152.jpeg 1536w\" sizes=\"(max-width: 1600px) 100vw, 1600px\" \/><\/figure><div class=\"elementor-image-box-content\"><h3 class=\"elementor-image-box-title\">EQUIPO QOLLASUYO PRODUCCIONES<\/h3><p class=\"elementor-image-box-description\">.<\/p><\/div><\/div>\t\t<\/div>\n\t\t\t\t<\/div>\n\t\t\t\t\t<\/div>\n\t\t\t\t<\/div>\n\t\t<div class=\"elementor-element elementor-element-f159c22 e-flex e-con-boxed e-con e-parent\" data-id=\"f159c22\" data-element_type=\"container\">\n\t\t\t\t\t<div class=\"e-con-inner\">\n\t\t\t\t\t<\/div>\n\t\t\t\t<\/div>\n\t\t\t\t<\/div>\n\t\t","protected":false},"excerpt":{"rendered":"<p>feria pulsar 2025 Qollasuyo Producciones presente en la Feria Pulsar 2025, en d\u00f3nde estar\u00e1n difundiendo su trabajo con pertinencia cultural los d\u00edas viernes 05, s\u00e1bado 06 y domingo 07 de Diciembre.&nbsp; Qollasuyo Producciones cumple otro hito importante en su carrera, participando con stand propio en la Feria Internacional de M\u00fasica [&hellip;]<\/p>\n","protected":false},"author":1,"featured_media":0,"parent":0,"menu_order":0,"comment_status":"closed","ping_status":"closed","template":"","meta":{"footnotes":""},"class_list":["post-3375","page","type-page","status-publish","hentry"],"_links":{"self":[{"href":"https:\/\/qollasuyoproducciones.cl\/index.php\/wp-json\/wp\/v2\/pages\/3375","targetHints":{"allow":["GET"]}}],"collection":[{"href":"https:\/\/qollasuyoproducciones.cl\/index.php\/wp-json\/wp\/v2\/pages"}],"about":[{"href":"https:\/\/qollasuyoproducciones.cl\/index.php\/wp-json\/wp\/v2\/types\/page"}],"author":[{"embeddable":true,"href":"https:\/\/qollasuyoproducciones.cl\/index.php\/wp-json\/wp\/v2\/users\/1"}],"replies":[{"embeddable":true,"href":"https:\/\/qollasuyoproducciones.cl\/index.php\/wp-json\/wp\/v2\/comments?post=3375"}],"version-history":[{"count":10,"href":"https:\/\/qollasuyoproducciones.cl\/index.php\/wp-json\/wp\/v2\/pages\/3375\/revisions"}],"predecessor-version":[{"id":3399,"href":"https:\/\/qollasuyoproducciones.cl\/index.php\/wp-json\/wp\/v2\/pages\/3375\/revisions\/3399"}],"wp:attachment":[{"href":"https:\/\/qollasuyoproducciones.cl\/index.php\/wp-json\/wp\/v2\/media?parent=3375"}],"curies":[{"name":"wp","href":"https:\/\/api.w.org\/{rel}","templated":true}]}}