{"id":3065,"date":"2025-01-31T14:00:50","date_gmt":"2025-01-31T18:00:50","guid":{"rendered":"https:\/\/qollasuyoproducciones.cl\/?page_id=3065"},"modified":"2025-02-20T10:15:35","modified_gmt":"2025-02-20T14:15:35","slug":"proximo-concierto","status":"publish","type":"page","link":"https:\/\/qollasuyoproducciones.cl\/index.php\/proximo-concierto\/","title":{"rendered":"PR\u00d3XIMO CONCIERTO"},"content":{"rendered":"\t\t<div data-elementor-type=\"wp-page\" data-elementor-id=\"3065\" class=\"elementor elementor-3065\" data-elementor-post-type=\"page\">\n\t\t\t\t\t\t<section class=\"elementor-section elementor-top-section elementor-element elementor-element-1bfbde5 elementor-section-boxed elementor-section-height-default elementor-section-height-default\" data-id=\"1bfbde5\" data-element_type=\"section\">\n\t\t\t\t\t\t<div class=\"elementor-container elementor-column-gap-default\">\n\t\t\t\t\t<div class=\"elementor-column elementor-col-50 elementor-top-column elementor-element elementor-element-63806012\" data-id=\"63806012\" data-element_type=\"column\">\n\t\t\t<div class=\"elementor-widget-wrap elementor-element-populated\">\n\t\t\t\t\t\t<div class=\"elementor-element elementor-element-689bb4b elementor-widget elementor-widget-kentha-elementor-section-caption\" data-id=\"689bb4b\" data-element_type=\"widget\" data-widget_type=\"kentha-elementor-section-caption.default\">\n\t\t\t\t<div class=\"elementor-widget-container\">\n\t\t\t\t\t<h2 id=\"qttabsfadebba-proximo-concierto\" class=\"qt-center qt-qttabsfadebba-proximo-concierto qt-textfx-wrap qt-fontsize-h1\">\n\t\t\t\t\t\t\t\t<span class=\"qt-txtfx qt-txtfx--ibiza\"><span  data-letters=\"proximo concierto\">proximo concierto<\/span><\/span>\n\t\t\t\t\t\t\t<\/h2>\n\t\t\t\t<div data-kentha-customstyles=\"\/* Shortcode dynamically generated CSS *\/\n\t\t\t\t\t.qt-qttabsfadebba-proximo-concierto .qt-txtfx--ibiza, .qt-qttabsfadebba-proximo-concierto .qt-txtfx--ibiza.qt-txtfxstart { color: #dedede}\n\t\t\t\t\t.qt-qttabsfadebba-proximo-concierto .qt-txtfx--ibiza span::before { color: #999999}\n\t\t\t\t\t.qt-qttabsfadebba-proximo-concierto .qt-txtfx--ibiza::after { background: #ff0000}\"><\/div>\n\t\t\t\t<\/div>\n\t\t\t\t<\/div>\n\t\t\t\t<div class=\"elementor-element elementor-element-8676967 elementor-widget elementor-widget-image\" data-id=\"8676967\" data-element_type=\"widget\" data-widget_type=\"image.default\">\n\t\t\t\t<div class=\"elementor-widget-container\">\n\t\t\t<style>\/*! elementor - v3.21.0 - 26-05-2024 *\/\n.elementor-widget-image{text-align:center}.elementor-widget-image a{display:inline-block}.elementor-widget-image a img[src$=\".svg\"]{width:48px}.elementor-widget-image img{vertical-align:middle;display:inline-block}<\/style>\t\t\t\t\t\t\t\t\t\t<img fetchpriority=\"high\" decoding=\"async\" width=\"1170\" height=\"1170\" src=\"https:\/\/qollasuyoproducciones.cl\/wp-content\/uploads\/2025\/02\/Afiche-Oficial-Proyeccion.jpg\" class=\"attachment-large size-large wp-image-3177\" alt=\"\" srcset=\"https:\/\/qollasuyoproducciones.cl\/wp-content\/uploads\/2025\/02\/Afiche-Oficial-Proyeccion.jpg 1600w, https:\/\/qollasuyoproducciones.cl\/wp-content\/uploads\/2025\/02\/Afiche-Oficial-Proyeccion-756x756.jpg 756w, https:\/\/qollasuyoproducciones.cl\/wp-content\/uploads\/2025\/02\/Afiche-Oficial-Proyeccion-150x150.jpg 150w, https:\/\/qollasuyoproducciones.cl\/wp-content\/uploads\/2025\/02\/Afiche-Oficial-Proyeccion-768x768.jpg 768w, https:\/\/qollasuyoproducciones.cl\/wp-content\/uploads\/2025\/02\/Afiche-Oficial-Proyeccion-1536x1536.jpg 1536w, https:\/\/qollasuyoproducciones.cl\/wp-content\/uploads\/2025\/02\/Afiche-Oficial-Proyeccion-170x170.jpg 170w, https:\/\/qollasuyoproducciones.cl\/wp-content\/uploads\/2025\/02\/Afiche-Oficial-Proyeccion-670x670.jpg 670w, https:\/\/qollasuyoproducciones.cl\/wp-content\/uploads\/2025\/02\/Afiche-Oficial-Proyeccion-60x60.jpg 60w, https:\/\/qollasuyoproducciones.cl\/wp-content\/uploads\/2025\/02\/Afiche-Oficial-Proyeccion-420x420.jpg 420w\" sizes=\"(max-width: 1170px) 100vw, 1170px\" \/>\t\t\t\t\t\t\t\t\t\t\t\t\t<\/div>\n\t\t\t\t<\/div>\n\t\t\t\t<div class=\"elementor-element elementor-element-41f8e5f elementor-widget elementor-widget-button\" data-id=\"41f8e5f\" data-element_type=\"widget\" data-widget_type=\"button.default\">\n\t\t\t\t<div class=\"elementor-widget-container\">\n\t\t\t\t\t<div class=\"elementor-button-wrapper\">\n\t\t\t<a class=\"elementor-button elementor-button-link elementor-size-sm\" href=\"https:\/\/ticketplus.cl\/events\/Proyeccionenelteatrocariola?fbclid=IwZXh0bgNhZW0CMTAAAR1YGp5BOurudYVFIERzGlEB7qdwHTQWRXfjX2jIVMUEO-Q7tMVqhEeB7Bs_aem_m7GaB3Vkh5kKEbm6LSOSkA\">\n\t\t\t\t\t\t<span class=\"elementor-button-content-wrapper\">\n\t\t\t\t\t\t<span class=\"elementor-button-icon elementor-align-icon-left\">\n\t\t\t\t<svg aria-hidden=\"true\" class=\"e-font-icon-svg e-fas-ticket-alt\" viewBox=\"0 0 576 512\" xmlns=\"http:\/\/www.w3.org\/2000\/svg\"><path d=\"M128 160h320v192H128V160zm400 96c0 26.51 21.49 48 48 48v96c0 26.51-21.49 48-48 48H48c-26.51 0-48-21.49-48-48v-96c26.51 0 48-21.49 48-48s-21.49-48-48-48v-96c0-26.51 21.49-48 48-48h480c26.51 0 48 21.49 48 48v96c-26.51 0-48 21.49-48 48zm-48-104c0-13.255-10.745-24-24-24H120c-13.255 0-24 10.745-24 24v208c0 13.255 10.745 24 24 24h336c13.255 0 24-10.745 24-24V152z\"><\/path><\/svg>\t\t\t<\/span>\n\t\t\t\t\t\t\t\t\t<span class=\"elementor-button-text\">Compra Tickets<\/span>\n\t\t\t\t\t<\/span>\n\t\t\t\t\t<\/a>\n\t\t<\/div>\n\t\t\t\t<\/div>\n\t\t\t\t<\/div>\n\t\t\t\t<div class=\"elementor-element elementor-element-8202763 elementor-widget__width-initial elementor-widget elementor-widget-text-editor\" data-id=\"8202763\" data-element_type=\"widget\" data-widget_type=\"text-editor.default\">\n\t\t\t\t<div class=\"elementor-widget-container\">\n\t\t\t<style>\/*! elementor - v3.21.0 - 26-05-2024 *\/\n.elementor-widget-text-editor.elementor-drop-cap-view-stacked .elementor-drop-cap{background-color:#69727d;color:#fff}.elementor-widget-text-editor.elementor-drop-cap-view-framed .elementor-drop-cap{color:#69727d;border:3px solid;background-color:transparent}.elementor-widget-text-editor:not(.elementor-drop-cap-view-default) .elementor-drop-cap{margin-top:8px}.elementor-widget-text-editor:not(.elementor-drop-cap-view-default) .elementor-drop-cap-letter{width:1em;height:1em}.elementor-widget-text-editor .elementor-drop-cap{float:left;text-align:center;line-height:1;font-size:50px}.elementor-widget-text-editor .elementor-drop-cap-letter{display:inline-block}<\/style>\t\t\t\t<p><span style=\"color: #00ffff; font-family: 'Open Sans';\"><b>Por primera vez en Santiago de Chile, se presenta el Grupo Proyecci\u00f3n de Bolivia en Arena Recoleta &#8211; 05 de abril a las 20:00 PM. \u00a1VEN A VIVIRLO!<\/b><\/span><\/p><p>\u00a0<\/p><p><span style=\"color: #ffffff;\"><strong>\u00a0<\/strong><\/span><\/p><p><span style=\"color: #ffffff;\"><strong>El grupo PROYECCION Se form\u00f3 a finales de los a\u00f1os 70 en la escuela de m\u00fasica andina dirigida por los miembros del grupo folcl\u00f3rico Los Kjarkas, sin embargo la mayor\u00eda de sus integrantes fueron formados en otras academias (Colegio Eduardo Laredo). Originalmente formaron el grupo \u00abProyecci\u00f3n Kjarkas\u00bb; para ese entonces los integrantes del grupo fueron: Orlando Jim\u00e9nez, Yuri Ortu\u00f1o, (Fernando Torrico), Edwin Castellanos, Raul Muriel y Mija\u00edl Monta\u00f1o ; bajo la direcci\u00f3n de los hermanos Hermosa. Aunque inicialmente antes de tomar el nombre de Proyecci\u00f3n Kjarkas era un grupo instrumental y todavia Yuri no integraba el grupo , quien cantaba ocasionalmente era Amed Silva, integrante quien no estuvo m\u00e1s de un a\u00f1o.<\/strong><\/span><br \/><span style=\"color: #ffffff;\"><strong>En 1979 se funda oficialmente el grupo en la ciudad de Cochabamba y publican dos largas duraciones \u00abAbierto mi Coraz\u00f3n\u00bb y \u00abMis Penas\u00bb. Despu\u00e9s de un cambio en sus integrantes, en 1984 pasan a denominarse \u00abProyecci\u00f3n\u00bb (A secas) en la ciudad de La Paz; los integrantes en esta etapa fueron:<\/strong><\/span><br \/><span style=\"color: #ffffff;\"><strong>Yuri Ortu\u00f1o, en la primera voz y direcci\u00f3n.<\/strong><\/span><br \/><span style=\"color: #ffffff;\"><strong>Orlando Jim\u00e9nez, wankara.<\/strong><\/span><br \/><span style=\"color: #ffffff;\"><strong>Rafael Arias Paz, en la guitarra (Primera guitarra Folkl\u00f3rica)<\/strong><\/span><br \/><span style=\"color: #ffffff;\"><strong>Ra\u00fal Muriel Hinojosa, en los instrumentos de viento<\/strong><\/span><br \/><span style=\"color: #ffffff;\"><strong>Posteriormente, pasan a denominarse \u00abProyecci\u00f3n &#8211; La Nueva Expresi\u00f3n del Folklore de Bolivia\u00bb, esto a partir de agosto del 1986. Su primera producci\u00f3n musical fue \u00abNo vuelvo a amar\u00bb, grabada en 1984, dando lugar a sus primeros \u00e9xitos internacionales. En sus m\u00e1s de 25 a\u00f1os de existencia han sido ganadores del Disco de Oro, Disco de Platino, del C\u00e1ntaro de Plata y otros premios m\u00e1s (Huespedes Ilustres de la ciudad de Tarma, Per\u00fa). Varios de sus \u00e9xitos han sido grabados por otros artistas: \u00abSecreto Amor\u00bb por el grupo de rockero Jade y grupos argentinos; \u00abSambos de Coraz\u00f3n\u00bb por los Tekis de Argentina, \u00abPaloma del Alma M\u00eda\u00bb por el grupo femenino tecno-cumbiero Agua Bella del Per\u00fa.<\/strong><\/span><br \/><span style=\"color: #ffffff;\"><strong>Los ritmos ejecutados por la agrupaci\u00f3n son muy diversos, van desde los ritmos folcl\u00f3ricos bolivianos hasta ritmos folcl\u00f3ricos de otros pa\u00edses latinoamericanos. A partir de 1994 con motivo de la Copa Mundial de F\u00fatbol de dicho a\u00f1o, son invitados a los Estados Unidos a una gira para la comunidad boliviana que ese a\u00f1o ten\u00eda el honor de que su Selecci\u00f3n Nacional participara en el evento; a partir de ese momento las puertas del resto del mundo les fueron abiertas: Espa\u00f1a, Italia, Suiza, Austria Y Suecia.<\/strong><\/span><br \/><span style=\"color: #ffffff;\"><strong>A finales de la d\u00e9cada de los 90, su l\u00edder, vocalista y uno de sus fundadores, Yuri Ortu\u00f1o Le\u00f3n, se separa definitivamente de la agrupaci\u00f3n y es reemplazado por Boris Flores Crespo, qui\u00e9n es invitado por Ariel Villaz\u00f3n y Orlando Jimenez. A partir de ese momento el grupo empieza una re estructuraci\u00f3n gradual que le permite conseguir nuevos \u00e9xitos, conformando una agrupaci\u00f3n s\u00f3lida y afianzada preparada para nuevos desaf\u00edos. Los integrantes actuales llevan m\u00e1s de 14 a\u00f1os sin cambios, \u00fanicamente los integrantes de back round (apoyo) han cambiado; entre ellos Gonzalo Arispe (bajo), Rolando Cahuana (Bajo), Sergio Rodriguez (Bajo) y Adalid Espinoza (Percusi\u00f3n latina).<\/strong><\/span><br \/><span style=\"color: #ffffff;\"><strong>Integrantes actuales<\/strong><\/span><br \/><span style=\"color: #ffffff;\"><strong>Orlando Jim\u00e9nez Tard\u00edo &#8211; Fundador y director. Percusionista.<\/strong><\/span><br \/><span style=\"color: #ffffff;\"><strong>Ariel Villaz\u00f3n Torrico &#8211; Charanguista.<\/strong><\/span><br \/><span style=\"color: #ffffff;\"><strong>Boris Flores Crespo &#8211; Primera voz &#8211; Ronroco.<\/strong><\/span><br \/><span style=\"color: #ffffff;\"><strong>Ramiro Taborga Cadima &#8211; 1era Guitarra.<\/strong><\/span><br \/><span style=\"color: #ffffff;\"><strong>Juan Gorena Aguilar &#8211; Vientista.<\/strong><\/span><br \/>Juan Carlos Rodr\u00edguez Clavijo &#8211; 2.\u00aa Guitarra.<\/p>\t\t\t\t\t\t<\/div>\n\t\t\t\t<\/div>\n\t\t\t\t\t<\/div>\n\t\t<\/div>\n\t\t\t\t<div class=\"elementor-column elementor-col-50 elementor-top-column elementor-element elementor-element-85177d3\" data-id=\"85177d3\" data-element_type=\"column\">\n\t\t\t<div class=\"elementor-widget-wrap elementor-element-populated\">\n\t\t\t\t\t\t<section class=\"elementor-section elementor-inner-section elementor-element elementor-element-a46214b elementor-section-boxed elementor-section-height-default elementor-section-height-default\" data-id=\"a46214b\" data-element_type=\"section\">\n\t\t\t\t\t\t<div class=\"elementor-container elementor-column-gap-default\">\n\t\t\t\t\t<div class=\"elementor-column elementor-col-50 elementor-inner-column elementor-element elementor-element-b1aab3e\" data-id=\"b1aab3e\" data-element_type=\"column\" data-settings=\"{&quot;background_background&quot;:&quot;classic&quot;}\">\n\t\t\t<div class=\"elementor-widget-wrap\">\n\t\t\t\t\t\t\t<\/div>\n\t\t<\/div>\n\t\t\t\t<div class=\"elementor-column elementor-col-50 elementor-inner-column elementor-element elementor-element-e627935\" data-id=\"e627935\" data-element_type=\"column\">\n\t\t\t<div class=\"elementor-widget-wrap\">\n\t\t\t\t\t\t\t<\/div>\n\t\t<\/div>\n\t\t\t\t\t<\/div>\n\t\t<\/section>\n\t\t\t\t\t<\/div>\n\t\t<\/div>\n\t\t\t\t\t<\/div>\n\t\t<\/section>\n\t\t\t\t<\/div>\n\t\t","protected":false},"excerpt":{"rendered":"<p>proximo concierto Compra Tickets Por primera vez en Santiago de Chile, se presenta el Grupo Proyecci\u00f3n de Bolivia en Arena Recoleta &#8211; 05 de abril a las 20:00 PM. \u00a1VEN A VIVIRLO! \u00a0 \u00a0 El grupo PROYECCION Se form\u00f3 a finales de los a\u00f1os 70 en la escuela de m\u00fasica [&hellip;]<\/p>\n","protected":false},"author":1,"featured_media":0,"parent":0,"menu_order":0,"comment_status":"closed","ping_status":"closed","template":"page-visualcomposer.php","meta":{"footnotes":""},"class_list":["post-3065","page","type-page","status-publish","hentry"],"_links":{"self":[{"href":"https:\/\/qollasuyoproducciones.cl\/index.php\/wp-json\/wp\/v2\/pages\/3065","targetHints":{"allow":["GET"]}}],"collection":[{"href":"https:\/\/qollasuyoproducciones.cl\/index.php\/wp-json\/wp\/v2\/pages"}],"about":[{"href":"https:\/\/qollasuyoproducciones.cl\/index.php\/wp-json\/wp\/v2\/types\/page"}],"author":[{"embeddable":true,"href":"https:\/\/qollasuyoproducciones.cl\/index.php\/wp-json\/wp\/v2\/users\/1"}],"replies":[{"embeddable":true,"href":"https:\/\/qollasuyoproducciones.cl\/index.php\/wp-json\/wp\/v2\/comments?post=3065"}],"version-history":[{"count":56,"href":"https:\/\/qollasuyoproducciones.cl\/index.php\/wp-json\/wp\/v2\/pages\/3065\/revisions"}],"predecessor-version":[{"id":3387,"href":"https:\/\/qollasuyoproducciones.cl\/index.php\/wp-json\/wp\/v2\/pages\/3065\/revisions\/3387"}],"wp:attachment":[{"href":"https:\/\/qollasuyoproducciones.cl\/index.php\/wp-json\/wp\/v2\/media?parent=3065"}],"curies":[{"name":"wp","href":"https:\/\/api.w.org\/{rel}","templated":true}]}}