{"id":2790,"date":"2025-01-17T15:01:48","date_gmt":"2025-01-17T19:01:48","guid":{"rendered":"https:\/\/qollasuyoproducciones.cl\/?page_id=2790"},"modified":"2025-01-22T15:09:48","modified_gmt":"2025-01-22T19:09:48","slug":"artista-markamaru","status":"publish","type":"page","link":"https:\/\/qollasuyoproducciones.cl\/index.php\/artista-markamaru\/","title":{"rendered":"Artista Markamaru"},"content":{"rendered":"\t\t<div data-elementor-type=\"wp-page\" data-elementor-id=\"2790\" class=\"elementor elementor-2790\" data-elementor-post-type=\"page\">\n\t\t\t\t\t\t<section class=\"elementor-section elementor-top-section elementor-element elementor-element-1bfbde5 elementor-section-boxed elementor-section-height-default elementor-section-height-default\" data-id=\"1bfbde5\" data-element_type=\"section\">\n\t\t\t\t\t\t<div class=\"elementor-container elementor-column-gap-default\">\n\t\t\t\t\t<div class=\"elementor-column elementor-col-50 elementor-top-column elementor-element elementor-element-63806012\" data-id=\"63806012\" data-element_type=\"column\">\n\t\t\t<div class=\"elementor-widget-wrap elementor-element-populated\">\n\t\t\t\t\t\t<div class=\"elementor-element elementor-element-689bb4b elementor-widget elementor-widget-kentha-elementor-section-caption\" data-id=\"689bb4b\" data-element_type=\"widget\" data-widget_type=\"kentha-elementor-section-caption.default\">\n\t\t\t\t<div class=\"elementor-widget-container\">\n\t\t\t\t\t<h2 id=\"qttabsfefdbf-grupo-markamaru\" class=\"qt-center qt-qttabsfefdbf-grupo-markamaru qt-textfx-wrap qt-fontsize-h1\">\n\t\t\t\t\t\t\t\t<span class=\"qt-txtfx qt-txtfx--ibiza\"><span  data-letters=\"GRUPO MARKAMARU\">GRUPO MARKAMARU<\/span><\/span>\n\t\t\t\t\t\t\t<\/h2>\n\t\t\t\t<div data-kentha-customstyles=\"\/* Shortcode dynamically generated CSS *\/\n\t\t\t\t\t.qt-qttabsfefdbf-grupo-markamaru .qt-txtfx--ibiza, .qt-qttabsfefdbf-grupo-markamaru .qt-txtfx--ibiza.qt-txtfxstart { color: #dedede}\n\t\t\t\t\t.qt-qttabsfefdbf-grupo-markamaru .qt-txtfx--ibiza span::before { color: #999999}\n\t\t\t\t\t.qt-qttabsfefdbf-grupo-markamaru .qt-txtfx--ibiza::after { background: #ff0000}\"><\/div>\n\t\t\t\t<\/div>\n\t\t\t\t<\/div>\n\t\t\t\t<div class=\"elementor-element elementor-element-5bafe26 elementor-widget__width-auto elementor-widget-tablet__width-auto elementor-widget elementor-widget-image\" data-id=\"5bafe26\" data-element_type=\"widget\" data-widget_type=\"image.default\">\n\t\t\t\t<div class=\"elementor-widget-container\">\n\t\t\t<style>\/*! elementor - v3.21.0 - 26-05-2024 *\/\n.elementor-widget-image{text-align:center}.elementor-widget-image a{display:inline-block}.elementor-widget-image a img[src$=\".svg\"]{width:48px}.elementor-widget-image img{vertical-align:middle;display:inline-block}<\/style>\t\t\t\t\t\t\t\t\t\t<img fetchpriority=\"high\" decoding=\"async\" width=\"1170\" height=\"410\" src=\"https:\/\/qollasuyoproducciones.cl\/wp-content\/uploads\/2025\/01\/Logo-1600x561.png\" class=\"attachment-large size-large wp-image-2802\" alt=\"\" srcset=\"https:\/\/qollasuyoproducciones.cl\/wp-content\/uploads\/2025\/01\/Logo-1600x561.png 1600w, https:\/\/qollasuyoproducciones.cl\/wp-content\/uploads\/2025\/01\/Logo-756x265.png 756w, https:\/\/qollasuyoproducciones.cl\/wp-content\/uploads\/2025\/01\/Logo-768x269.png 768w, https:\/\/qollasuyoproducciones.cl\/wp-content\/uploads\/2025\/01\/Logo-1536x538.png 1536w, https:\/\/qollasuyoproducciones.cl\/wp-content\/uploads\/2025\/01\/Logo-2048x718.png 2048w\" sizes=\"(max-width: 1170px) 100vw, 1170px\" \/>\t\t\t\t\t\t\t\t\t\t\t\t\t<\/div>\n\t\t\t\t<\/div>\n\t\t\t\t<div class=\"elementor-element elementor-element-8202763 elementor-widget elementor-widget-text-editor\" data-id=\"8202763\" data-element_type=\"widget\" data-widget_type=\"text-editor.default\">\n\t\t\t\t<div class=\"elementor-widget-container\">\n\t\t\t<style>\/*! elementor - v3.21.0 - 26-05-2024 *\/\n.elementor-widget-text-editor.elementor-drop-cap-view-stacked .elementor-drop-cap{background-color:#69727d;color:#fff}.elementor-widget-text-editor.elementor-drop-cap-view-framed .elementor-drop-cap{color:#69727d;border:3px solid;background-color:transparent}.elementor-widget-text-editor:not(.elementor-drop-cap-view-default) .elementor-drop-cap{margin-top:8px}.elementor-widget-text-editor:not(.elementor-drop-cap-view-default) .elementor-drop-cap-letter{width:1em;height:1em}.elementor-widget-text-editor .elementor-drop-cap{float:left;text-align:center;line-height:1;font-size:50px}.elementor-widget-text-editor .elementor-drop-cap-letter{display:inline-block}<\/style>\t\t\t\t<p><span style=\"color: #00ffff;\">Este grupo nace en la ciudad de Arica Chile, en 1985, diversas influencias tubieron para crear su m\u00fasica, una de ellas, es la vida del publeo aymara y sus costumbres que han inspirado a este grupo en sus creaciones musicales, tambien tubieron mucha influencia latino americana, tal es el caso de Per\u00fa, pais que los acogi\u00f3 con mucho cari\u00f1o y desde donde realmente se muestran al mundo. Sus obras musicales fueron varias y se muestra la evoluci\u00f3n musical y en su letras, entre otras estan las producciones \u00abMarkamaru, pueblo de tierra fertil\u00bb, \u00abNazca, echo en Per\u00fa\u00bb, \u00abAmerica Renacera\u00bb, Fusiones y Reflejos\u00bb\u2026<\/span><\/p>\t\t\t\t\t\t<\/div>\n\t\t\t\t<\/div>\n\t\t\t\t\t<\/div>\n\t\t<\/div>\n\t\t\t\t<div class=\"elementor-column elementor-col-50 elementor-top-column elementor-element elementor-element-85177d3\" data-id=\"85177d3\" data-element_type=\"column\">\n\t\t\t<div class=\"elementor-widget-wrap elementor-element-populated\">\n\t\t\t\t\t\t<section class=\"elementor-section elementor-inner-section elementor-element elementor-element-a46214b elementor-section-boxed elementor-section-height-default elementor-section-height-default\" data-id=\"a46214b\" data-element_type=\"section\">\n\t\t\t\t\t\t<div class=\"elementor-container elementor-column-gap-default\">\n\t\t\t\t\t<div class=\"elementor-column elementor-col-50 elementor-inner-column elementor-element elementor-element-b1aab3e\" data-id=\"b1aab3e\" data-element_type=\"column\" data-settings=\"{&quot;background_background&quot;:&quot;classic&quot;}\">\n\t\t\t<div class=\"elementor-widget-wrap elementor-element-populated\">\n\t\t\t\t\t\t<div class=\"elementor-element elementor-element-647b2bef elementor-widget elementor-widget-kentha-elementor-playlist-custom\" data-id=\"647b2bef\" data-element_type=\"widget\" data-widget_type=\"kentha-elementor-playlist-custom.default\">\n\t\t\t\t<div class=\"elementor-widget-container\">\n\t\t\t\t\t\t\t<div class=\"qt-playlist-large\">\n\t\t\t\t\t<ul class=\"qt-playlist\">\n\t\t\t\t\t\t\t\t\t\t\t<li class=\"qtmusicplayer-trackitem\">\n\t\t\t\t\t\t\t\t\t\t\t\t\t\t\t<img decoding=\"async\" src=\"https:\/\/qollasuyoproducciones.cl\/wp-content\/uploads\/2025\/01\/Markamaru-Lo-mejor.jpeg\" alt=\"Baila Chullita\">\n\t\t\t\t\t\t\t\t\t\t\t\t\t\t\t<span class=\"qt-play qt-link-sec qtmusicplayer-play-btn\" data-qtmplayer-cover=\"https:\/\/qollasuyoproducciones.cl\/wp-content\/uploads\/2025\/01\/Markamaru-Lo-mejor.jpeg\" data-qtmplayer-file=\"https:\/\/qollasuyoproducciones.cl\/wp-content\/uploads\/2025\/01\/Baila-Chullita-_AQU4J8YP2k.mp3\" \n\t\t\t\t\t\t\t\tdata-qtmplayer-title=\"Baila Chullita\" \n\t\t\t\t\t\t\t\tdata-qtmplayer-artist=\"Markamaru - Lo Mejor\" \n\t\t\t\t\t\t\t\tdata-qtmplayer-album=\"\"\n\t\t\t\t\t\t\t\tdata-qtmplayer-link=\"\" \n\t\t\t\t\t\t\t\tdata-qtmplayer-buylink=\"#\" \n\t\t\t\t\t\t\t\tdata-qtmplayer-icon=\"add_shopping_cart\" ><i class='material-icons'>play_circle_filled<\/i><\/span>\n\t\t\t\t\t\t\t<p>\n\t\t\t\t\t\t\t\t<span class=\"qt-tit\">01. Baila Chullita<\/span><br>\n\t\t\t\t\t\t\t\t<span class=\"qt-art\">\n\t\t\t\t\t\t\t\t\tMarkamaru - Lo Mejor\t\t\t\t\t\t\t\t<\/span>\n\t\t\t\t\t\t\t<\/p>\n\t\t\t\t\t\t\t\t\t\t\t\t\t\t\t\t<a href=\"#\" class=\"qt-cart\" target=\"_blank\"><i class=\"material-icons\">add_shopping_cart<\/i><\/a>\n\t\t\t\t\t\t\t\t\t\t\t\t\t\t\t<\/li>\n\t\t\t\t\t\t\t\t\t\t\t\t<li class=\"qtmusicplayer-trackitem\">\n\t\t\t\t\t\t\t\t\t\t\t\t\t\t\t<img decoding=\"async\" src=\"https:\/\/qollasuyoproducciones.cl\/wp-content\/uploads\/2025\/01\/Caratula-Disco-Markamaru-Fusiones-y-Reflejos.jpeg\" alt=\"De Cadena y Cascabel\">\n\t\t\t\t\t\t\t\t\t\t\t\t\t\t\t<span class=\"qt-play qt-link-sec qtmusicplayer-play-btn\" data-qtmplayer-cover=\"https:\/\/qollasuyoproducciones.cl\/wp-content\/uploads\/2025\/01\/Caratula-Disco-Markamaru-Fusiones-y-Reflejos.jpeg\" data-qtmplayer-file=\"https:\/\/qollasuyoproducciones.cl\/wp-content\/uploads\/2025\/01\/De-Cadena-y-Cascabel.mp3\" \n\t\t\t\t\t\t\t\tdata-qtmplayer-title=\"De Cadena y Cascabel\" \n\t\t\t\t\t\t\t\tdata-qtmplayer-artist=\"Markamaru\" \n\t\t\t\t\t\t\t\tdata-qtmplayer-album=\"\"\n\t\t\t\t\t\t\t\tdata-qtmplayer-link=\"\" \n\t\t\t\t\t\t\t\tdata-qtmplayer-buylink=\"\" \n\t\t\t\t\t\t\t\tdata-qtmplayer-icon=\"large\" ><i class='material-icons'>play_circle_filled<\/i><\/span>\n\t\t\t\t\t\t\t<p>\n\t\t\t\t\t\t\t\t<span class=\"qt-tit\">02. De Cadena y Cascabel<\/span><br>\n\t\t\t\t\t\t\t\t<span class=\"qt-art\">\n\t\t\t\t\t\t\t\t\tMarkamaru\t\t\t\t\t\t\t\t<\/span>\n\t\t\t\t\t\t\t<\/p>\n\t\t\t\t\t\t\t\t\t\t\t\t\t<\/li>\n\t\t\t\t\t\t\t\t\t\t\t\t<li class=\"qtmusicplayer-trackitem\">\n\t\t\t\t\t\t\t\t\t\t\t\t\t\t\t<img decoding=\"async\" src=\"https:\/\/qollasuyoproducciones.cl\/wp-content\/uploads\/2025\/01\/Baila-Chullita-_AQU4J8YP2k-mp3-image.png\" alt=\"Coraz\u00f3n Adolorido\">\n\t\t\t\t\t\t\t\t\t\t\t\t\t\t\t<span class=\"qt-play qt-link-sec qtmusicplayer-play-btn\" data-qtmplayer-cover=\"https:\/\/qollasuyoproducciones.cl\/wp-content\/uploads\/2025\/01\/Baila-Chullita-_AQU4J8YP2k-mp3-image.png\" data-qtmplayer-file=\"https:\/\/qollasuyoproducciones.cl\/wp-content\/uploads\/2020\/11\/01-Corazon-Adolorido.mp3\" \n\t\t\t\t\t\t\t\tdata-qtmplayer-title=\"Coraz\u00f3n Adolorido\" \n\t\t\t\t\t\t\t\tdata-qtmplayer-artist=\"Markamaru\" \n\t\t\t\t\t\t\t\tdata-qtmplayer-album=\"\"\n\t\t\t\t\t\t\t\tdata-qtmplayer-link=\"\" \n\t\t\t\t\t\t\t\tdata-qtmplayer-buylink=\"\" \n\t\t\t\t\t\t\t\tdata-qtmplayer-icon=\"large\" ><i class='material-icons'>play_circle_filled<\/i><\/span>\n\t\t\t\t\t\t\t<p>\n\t\t\t\t\t\t\t\t<span class=\"qt-tit\">03. Coraz\u00f3n Adolorido<\/span><br>\n\t\t\t\t\t\t\t\t<span class=\"qt-art\">\n\t\t\t\t\t\t\t\t\tMarkamaru\t\t\t\t\t\t\t\t<\/span>\n\t\t\t\t\t\t\t<\/p>\n\t\t\t\t\t\t\t\t\t\t\t\t\t<\/li>\n\t\t\t\t\t\t\t\t\t\t\t\t<li class=\"qtmusicplayer-trackitem\">\n\t\t\t\t\t\t\t\t\t\t\t\t\t\t\t<img decoding=\"async\" src=\"https:\/\/qollasuyoproducciones.cl\/wp-content\/uploads\/2025\/01\/Baila-Chullita-_AQU4J8YP2k-mp3-image.png\" alt=\"Fiesta de los Negros\">\n\t\t\t\t\t\t\t\t\t\t\t\t\t\t\t<span class=\"qt-play qt-link-sec qtmusicplayer-play-btn\" data-qtmplayer-cover=\"https:\/\/qollasuyoproducciones.cl\/wp-content\/uploads\/2025\/01\/Baila-Chullita-_AQU4J8YP2k-mp3-image.png\" data-qtmplayer-file=\"https:\/\/qollasuyoproducciones.cl\/wp-content\/uploads\/2020\/11\/03-fiesta_de_los_negros.mp3\" \n\t\t\t\t\t\t\t\tdata-qtmplayer-title=\"Fiesta de los Negros\" \n\t\t\t\t\t\t\t\tdata-qtmplayer-artist=\"Markamaru\" \n\t\t\t\t\t\t\t\tdata-qtmplayer-album=\"\"\n\t\t\t\t\t\t\t\tdata-qtmplayer-link=\"\" \n\t\t\t\t\t\t\t\tdata-qtmplayer-buylink=\"\" \n\t\t\t\t\t\t\t\tdata-qtmplayer-icon=\"large\" ><i class='material-icons'>play_circle_filled<\/i><\/span>\n\t\t\t\t\t\t\t<p>\n\t\t\t\t\t\t\t\t<span class=\"qt-tit\">04. Fiesta de los Negros<\/span><br>\n\t\t\t\t\t\t\t\t<span class=\"qt-art\">\n\t\t\t\t\t\t\t\t\tMarkamaru\t\t\t\t\t\t\t\t<\/span>\n\t\t\t\t\t\t\t<\/p>\n\t\t\t\t\t\t\t\t\t\t\t\t\t<\/li>\n\t\t\t\t\t\t\t\t\t\t\t\t<li class=\"qtmusicplayer-trackitem\">\n\t\t\t\t\t\t\t\t\t\t\t\t\t\t\t<img decoding=\"async\" src=\"https:\/\/qollasuyoproducciones.cl\/wp-content\/uploads\/2025\/01\/Disco-Hecho-en-Peru-Markamaru.jpeg\" alt=\"Por una esperanza\">\n\t\t\t\t\t\t\t\t\t\t\t\t\t\t\t<span class=\"qt-play qt-link-sec qtmusicplayer-play-btn\" data-qtmplayer-cover=\"https:\/\/qollasuyoproducciones.cl\/wp-content\/uploads\/2025\/01\/Disco-Hecho-en-Peru-Markamaru.jpeg\" data-qtmplayer-file=\"https:\/\/qollasuyoproducciones.cl\/wp-content\/uploads\/2025\/01\/Por-una-Esperanza.mp3\" \n\t\t\t\t\t\t\t\tdata-qtmplayer-title=\"Por una esperanza\" \n\t\t\t\t\t\t\t\tdata-qtmplayer-artist=\"Markamaru\" \n\t\t\t\t\t\t\t\tdata-qtmplayer-album=\"\"\n\t\t\t\t\t\t\t\tdata-qtmplayer-link=\"\" \n\t\t\t\t\t\t\t\tdata-qtmplayer-buylink=\"\" \n\t\t\t\t\t\t\t\tdata-qtmplayer-icon=\"large\" ><i class='material-icons'>play_circle_filled<\/i><\/span>\n\t\t\t\t\t\t\t<p>\n\t\t\t\t\t\t\t\t<span class=\"qt-tit\">05. Por una esperanza<\/span><br>\n\t\t\t\t\t\t\t\t<span class=\"qt-art\">\n\t\t\t\t\t\t\t\t\tMarkamaru\t\t\t\t\t\t\t\t<\/span>\n\t\t\t\t\t\t\t<\/p>\n\t\t\t\t\t\t\t\t\t\t\t\t\t<\/li>\n\t\t\t\t\t\t\t\t\t\t\t\t<li class=\"qtmusicplayer-trackitem\">\n\t\t\t\t\t\t\t\t\t\t\t\t\t\t\t<img decoding=\"async\" src=\"https:\/\/qollasuyoproducciones.cl\/wp-content\/uploads\/2025\/01\/Disco-Hecho-en-Peru-Markamaru.jpeg\" alt=\"Rosaura Lindaura\">\n\t\t\t\t\t\t\t\t\t\t\t\t\t\t\t<span class=\"qt-play qt-link-sec qtmusicplayer-play-btn\" data-qtmplayer-cover=\"https:\/\/qollasuyoproducciones.cl\/wp-content\/uploads\/2025\/01\/Disco-Hecho-en-Peru-Markamaru.jpeg\" data-qtmplayer-file=\"https:\/\/qollasuyoproducciones.cl\/wp-content\/uploads\/2025\/01\/Rosaura-Lindaura.mp3\" \n\t\t\t\t\t\t\t\tdata-qtmplayer-title=\"Rosaura Lindaura\" \n\t\t\t\t\t\t\t\tdata-qtmplayer-artist=\"Markamaru\" \n\t\t\t\t\t\t\t\tdata-qtmplayer-album=\"\"\n\t\t\t\t\t\t\t\tdata-qtmplayer-link=\"\" \n\t\t\t\t\t\t\t\tdata-qtmplayer-buylink=\"\" \n\t\t\t\t\t\t\t\tdata-qtmplayer-icon=\"large\" ><i class='material-icons'>play_circle_filled<\/i><\/span>\n\t\t\t\t\t\t\t<p>\n\t\t\t\t\t\t\t\t<span class=\"qt-tit\">06. Rosaura Lindaura<\/span><br>\n\t\t\t\t\t\t\t\t<span class=\"qt-art\">\n\t\t\t\t\t\t\t\t\tMarkamaru\t\t\t\t\t\t\t\t<\/span>\n\t\t\t\t\t\t\t<\/p>\n\t\t\t\t\t\t\t\t\t\t\t\t\t<\/li>\n\t\t\t\t\t\t\t\t\t\t\t\t<li class=\"qtmusicplayer-trackitem\">\n\t\t\t\t\t\t\t\t\t\t\t\t\t\t\t<img decoding=\"async\" src=\"https:\/\/qollasuyoproducciones.cl\/wp-content\/uploads\/2025\/01\/Juntos-como-ayer.jpg\" alt=\"Juntos como ayer\">\n\t\t\t\t\t\t\t\t\t\t\t\t\t\t\t<span class=\"qt-play qt-link-sec qtmusicplayer-play-btn\" data-qtmplayer-cover=\"https:\/\/qollasuyoproducciones.cl\/wp-content\/uploads\/2025\/01\/Juntos-como-ayer.jpg\" data-qtmplayer-file=\"https:\/\/qollasuyoproducciones.cl\/wp-content\/uploads\/2025\/01\/Juntos-como-ayer-Markamaru.mp3\" \n\t\t\t\t\t\t\t\tdata-qtmplayer-title=\"Juntos como ayer\" \n\t\t\t\t\t\t\t\tdata-qtmplayer-artist=\"Markamaru\" \n\t\t\t\t\t\t\t\tdata-qtmplayer-album=\"\"\n\t\t\t\t\t\t\t\tdata-qtmplayer-link=\"\" \n\t\t\t\t\t\t\t\tdata-qtmplayer-buylink=\"\" \n\t\t\t\t\t\t\t\tdata-qtmplayer-icon=\"large\" ><i class='material-icons'>play_circle_filled<\/i><\/span>\n\t\t\t\t\t\t\t<p>\n\t\t\t\t\t\t\t\t<span class=\"qt-tit\">07. Juntos como ayer<\/span><br>\n\t\t\t\t\t\t\t\t<span class=\"qt-art\">\n\t\t\t\t\t\t\t\t\tMarkamaru\t\t\t\t\t\t\t\t<\/span>\n\t\t\t\t\t\t\t<\/p>\n\t\t\t\t\t\t\t\t\t\t\t\t\t<\/li>\n\t\t\t\t\t\t\t\t\t\t\t\t<li class=\"qtmusicplayer-trackitem\">\n\t\t\t\t\t\t\t\t\t\t\t\t\t\t\t<img decoding=\"async\" src=\"https:\/\/qollasuyoproducciones.cl\/wp-content\/uploads\/2025\/01\/Juntos-como-ayer.jpg\" alt=\"Aires de coro coro\">\n\t\t\t\t\t\t\t\t\t\t\t\t\t\t\t<span class=\"qt-play qt-link-sec qtmusicplayer-play-btn\" data-qtmplayer-cover=\"https:\/\/qollasuyoproducciones.cl\/wp-content\/uploads\/2025\/01\/Juntos-como-ayer.jpg\" data-qtmplayer-file=\"https:\/\/qollasuyoproducciones.cl\/wp-content\/uploads\/2025\/01\/Aires-de-Coro-coro-Markamaru.mp3\" \n\t\t\t\t\t\t\t\tdata-qtmplayer-title=\"Aires de coro coro\" \n\t\t\t\t\t\t\t\tdata-qtmplayer-artist=\"Markamaru\" \n\t\t\t\t\t\t\t\tdata-qtmplayer-album=\"\"\n\t\t\t\t\t\t\t\tdata-qtmplayer-link=\"\" \n\t\t\t\t\t\t\t\tdata-qtmplayer-buylink=\"\" \n\t\t\t\t\t\t\t\tdata-qtmplayer-icon=\"large\" ><i class='material-icons'>play_circle_filled<\/i><\/span>\n\t\t\t\t\t\t\t<p>\n\t\t\t\t\t\t\t\t<span class=\"qt-tit\">08. Aires de coro coro<\/span><br>\n\t\t\t\t\t\t\t\t<span class=\"qt-art\">\n\t\t\t\t\t\t\t\t\tMarkamaru\t\t\t\t\t\t\t\t<\/span>\n\t\t\t\t\t\t\t<\/p>\n\t\t\t\t\t\t\t\t\t\t\t\t\t<\/li>\n\t\t\t\t\t\t\t\t\t\t<\/ul>\n\t\t\t<\/div>\n\t\t\t\t\t<\/div>\n\t\t\t\t<\/div>\n\t\t\t\t\t<\/div>\n\t\t<\/div>\n\t\t\t\t<div class=\"elementor-column elementor-col-50 elementor-inner-column elementor-element elementor-element-e627935\" data-id=\"e627935\" data-element_type=\"column\">\n\t\t\t<div class=\"elementor-widget-wrap\">\n\t\t\t\t\t\t\t<\/div>\n\t\t<\/div>\n\t\t\t\t\t<\/div>\n\t\t<\/section>\n\t\t\t\t\t<\/div>\n\t\t<\/div>\n\t\t\t\t\t<\/div>\n\t\t<\/section>\n\t\t\t\t<\/div>\n\t\t","protected":false},"excerpt":{"rendered":"<p>GRUPO MARKAMARU Este grupo nace en la ciudad de Arica Chile, en 1985, diversas influencias tubieron para crear su m\u00fasica, una de ellas, es la vida del publeo aymara y sus costumbres que han inspirado a este grupo en sus creaciones musicales, tambien tubieron mucha influencia latino americana, tal es [&hellip;]<\/p>\n","protected":false},"author":1,"featured_media":0,"parent":0,"menu_order":0,"comment_status":"closed","ping_status":"closed","template":"page-visualcomposer.php","meta":{"footnotes":""},"class_list":["post-2790","page","type-page","status-publish","hentry"],"_links":{"self":[{"href":"https:\/\/qollasuyoproducciones.cl\/index.php\/wp-json\/wp\/v2\/pages\/2790","targetHints":{"allow":["GET"]}}],"collection":[{"href":"https:\/\/qollasuyoproducciones.cl\/index.php\/wp-json\/wp\/v2\/pages"}],"about":[{"href":"https:\/\/qollasuyoproducciones.cl\/index.php\/wp-json\/wp\/v2\/types\/page"}],"author":[{"embeddable":true,"href":"https:\/\/qollasuyoproducciones.cl\/index.php\/wp-json\/wp\/v2\/users\/1"}],"replies":[{"embeddable":true,"href":"https:\/\/qollasuyoproducciones.cl\/index.php\/wp-json\/wp\/v2\/comments?post=2790"}],"version-history":[{"count":52,"href":"https:\/\/qollasuyoproducciones.cl\/index.php\/wp-json\/wp\/v2\/pages\/2790\/revisions"}],"predecessor-version":[{"id":2978,"href":"https:\/\/qollasuyoproducciones.cl\/index.php\/wp-json\/wp\/v2\/pages\/2790\/revisions\/2978"}],"wp:attachment":[{"href":"https:\/\/qollasuyoproducciones.cl\/index.php\/wp-json\/wp\/v2\/media?parent=2790"}],"curies":[{"name":"wp","href":"https:\/\/api.w.org\/{rel}","templated":true}]}}